{"id":5452,"date":"2026-01-15T11:55:39","date_gmt":"2026-01-15T10:55:39","guid":{"rendered":"https:\/\/www.leb.tf.fau.de\/?page_id=5452"},"modified":"2026-02-04T12:55:06","modified_gmt":"2026-02-04T11:55:06","slug":"contact-and-arrival","status":"publish","type":"page","link":"https:\/\/www.leb.tf.fau.de\/en\/chair\/contact-and-arrival\/","title":{"rendered":"Contact and arrival"},"content":{"rendered":"\n<h2 class=\"wp-block-heading\">Chair of Electron Devices<\/h2>\n\n\n\n<h4 class=\"wp-block-heading\">Friedrich-Alexander-Universit\u00e4t Erlangen-N\u00fcrnberg<\/h4>\n\n\n\n<p><strong>Prof. Dr.-Ing. habil. J\u00f6rg Schulze<\/strong><\/p>\n\n\n\n<p>Cauerstra\u00dfe 6<br>91058 Erlangen<\/p>\n\n\n\n<p>1st floor<\/p>\n\n\n\n<p>Administration:<br>Phone: <a href=\"tel:49091318528634\">+49 (0)9131 85-28634<\/a><br>eMail: <a href=\"mailto:LEB-sekretariat@fau.de\">LEB-sekretariat@fau.de<\/a><\/p>\n\n\n\n<h2 class=\"wp-block-heading\">How to find us<\/h2>\n\n\n\n<h3 class=\"wp-block-heading\">Arriving by car<\/h3>\n\n\n\n<ul class=\"wp-block-list\">\n<li><strong>A3 from Munich or W\u00fcrzburg:<\/strong>&nbsp;Take the Tennenlohe junction and follow the B4 towards Erlangen. Then take the exit Universit\u00e4t S\u00fcdgel\u00e4nde. After the exit, turn left towards Erlangen or S\u00fcdgel\u00e4nde (Kurt-Schumacher-Str.). Drive straight ahead until you can turn left into Cauerstra\u00dfe.<\/li>\n\n\n\n<li><strong>A73 from Bamberg or Nuremberg:<\/strong>&nbsp;Take the Erlangen-Bruck exit and turn off in the direction of Nuremberg. Follow the mostly four-lane Paul-Gossen-Stra\u00dfe until you leave Erlangen. Take the exit to S\u00fcdgel\u00e4nde or towards Gr\u00e4fenberg. Then turn left into Kurt-Schumacher-Stra\u00dfe. After a few hundred meters, turn left into Cauerstra\u00dfe.<\/li>\n<\/ul>\n\n\n\n<h3 class=\"wp-block-heading\">Arrival by bus<\/h3>\n\n\n\n<p>On the website of the&nbsp;<a href=\"https:\/\/www.vgn.de\/%E2%80%9D\">Verkehrsverbund Gro\u00dfraum N\u00fcrnberg GmbH (VGN)<\/a>&nbsp;you will find all connection information for local public transport. The bus stop for the Faculty of Engineering is \u201cErlangen, Technische Fakult\u00e4t\u201d for bus lines 20, 280, 287 and 293 and \u201cErlangen S\u00fcd\u201d for lines 30 and 295.<\/p>\n\n\n\n<h3 class=\"wp-block-heading\">Arrival by plane (airport Nuremberg)<\/h3>\n\n\n\n<ul class=\"wp-block-list\">\n<li><strong>Direct connection with bus 30 (travel time 23 min.):<\/strong>&nbsp;Leave the arrivals hall and walk to the departures hall. There, take bus number 30 in the direction of Erlangen (for a more detailed description, see \u201cArrival by bus\u201d).<\/li>\n\n\n\n<li><strong>Rented car (30min):<\/strong>&nbsp;Leave the airport grounds. Follow the signs to Erlangen. After a large intersection, you will find yourself on the B4 towards Erlangen. Take the exit Universit\u00e4t S\u00fcdgel\u00e4nde. Follow the directions coming from the Munich (A3).<\/li>\n\n\n\n<li><strong>Taxi (30min):<\/strong>\u00a0Let them take you to Cauerstra\u00dfe 6 in Erlangen.<\/li>\n<\/ul>\n\n\n\n<h2 class=\"wp-block-heading\">Map<\/h2>\n\n\n<div class=\"fau-oembed oembed\"><iframe loading=\"lazy\" title=\"FAU-Karte\" src=\"https:\/\/karte.fau.de\/api\/v1\/iframe\/address\/Cauerstra\u00dfe 6\/org\/1512001800\/layer\/RRZE,RRZE.DE,Esri.WorldImagery,Bayern,Erlangen,Stamen.Toner,OpenTopoMap\" class=\"fau-karte defaultwidth\" width=\"970px\" height=\"545px\" seamless><p>Diese Inhalte wurden von fau.karte.de in Form eines Frames eingebunden. Um direkt auf die Karte zuzugreifen, folgen Sie dem folgenden Link: <a href=\"https:\/\/karte.fau.de\/api\/v1\/iframe\/address\/Cauerstra\u00dfe 6\/org\/1512001800\/layer\/RRZE,RRZE.DE,Esri.WorldImagery,Bayern,Erlangen,Stamen.Toner,OpenTopoMap\">https:\/\/karte.fau.de\/api\/v1\/iframe\/address\/Cauerstra\u00dfe 6\/org\/1512001800\/layer\/RRZE,RRZE.DE,Esri.WorldImagery,Bayern,Erlangen,Stamen.Toner,OpenTopoMap<\/a><\/p><\/iframe><\/div>\n\n\n\n<p><\/p>\n","protected":false},"excerpt":{"rendered":"<p>Chair of Electron Devices Friedrich-Alexander-Universit\u00e4t Erlangen-N\u00fcrnberg Prof. Dr.-Ing. habil. J\u00f6rg Schulze Cauerstra\u00dfe 691058 Erlangen 1st floor Administration:Phone: +49 (0)9131 85-28634eMail: LEB-sekretariat@fau.de How to find us Arriving by car Arrival by bus On the website of the&nbsp;Verkehrsverbund Gro\u00dfraum N\u00fcrnberg GmbH (VGN)&nbsp;you will find all connection information for local public transport. The bus stop for the Faculty [&hellip;]<\/p>\n","protected":false},"author":5487,"featured_media":3799,"parent":5467,"menu_order":0,"comment_status":"closed","ping_status":"closed","template":"","meta":{"_rrze_cache":"enabled","_access_permission":"","_rrze_multilang_single_locale":"en_US","_rrze_multilang_single_source":"https:\/\/www.leb.tf.fau.de\/?page_id=5445","footnotes":""},"page_category":[101],"page_tag":[],"class_list":["post-5452","page","type-page","status-publish","has-post-thumbnail","hentry","page_category-lehrstuhl","en-US"],"_links":{"self":[{"href":"https:\/\/www.leb.tf.fau.de\/wp-json\/wp\/v2\/pages\/5452","targetHints":{"allow":["GET"]}}],"collection":[{"href":"https:\/\/www.leb.tf.fau.de\/wp-json\/wp\/v2\/pages"}],"about":[{"href":"https:\/\/www.leb.tf.fau.de\/wp-json\/wp\/v2\/types\/page"}],"author":[{"embeddable":true,"href":"https:\/\/www.leb.tf.fau.de\/wp-json\/wp\/v2\/users\/5487"}],"replies":[{"embeddable":true,"href":"https:\/\/www.leb.tf.fau.de\/wp-json\/wp\/v2\/comments?post=5452"}],"version-history":[{"count":3,"href":"https:\/\/www.leb.tf.fau.de\/wp-json\/wp\/v2\/pages\/5452\/revisions"}],"predecessor-version":[{"id":5502,"href":"https:\/\/www.leb.tf.fau.de\/wp-json\/wp\/v2\/pages\/5452\/revisions\/5502"}],"up":[{"embeddable":true,"href":"https:\/\/www.leb.tf.fau.de\/wp-json\/wp\/v2\/pages\/5467"}],"wp:featuredmedia":[{"embeddable":true,"href":"https:\/\/www.leb.tf.fau.de\/wp-json\/wp\/v2\/media\/3799"}],"wp:attachment":[{"href":"https:\/\/www.leb.tf.fau.de\/wp-json\/wp\/v2\/media?parent=5452"}],"wp:term":[{"taxonomy":"page_category","embeddable":true,"href":"https:\/\/www.leb.tf.fau.de\/wp-json\/wp\/v2\/page_category?post=5452"},{"taxonomy":"page_tag","embeddable":true,"href":"https:\/\/www.leb.tf.fau.de\/wp-json\/wp\/v2\/page_tag?post=5452"}],"curies":[{"name":"wp","href":"https:\/\/api.w.org\/{rel}","templated":true}]}}