{"id":5379,"date":"2026-01-15T13:11:34","date_gmt":"2026-01-15T12:11:34","guid":{"rendered":"https:\/\/www.leb.tf.fau.de\/?page_id=5379"},"modified":"2026-02-12T15:47:03","modified_gmt":"2026-02-12T14:47:03","slug":"study","status":"publish","type":"page","link":"https:\/\/www.leb.tf.fau.de\/en\/study\/","title":{"rendered":"Study"},"content":{"rendered":"\n<p>The courses offered by the LEB provide a comprehensive overview of the physics and technology of semiconductor devices. From the question \u201cWhat is a semiconductor?\u201d to the fundamental theory behind quantum computers, the most important topics in semiconductor technology are covered in a wide variety of lectures. Building on basic lectures on semiconductor devices, the advanced courses at the LEB are divided into three lecture cycles. The course offerings are supplemented by student internships and seminars.<\/p>\n\n\n\n<h3 class=\"wp-block-heading\">Lectures<\/h3>\n\n\n<div class=\"rrze-elements accordion style_default\" id=\"accordion-0\"><\/p>\n<div class=\"accordion-group\">\n<h3 class=\"accordion-heading\"><button class=\"accordion-toggle\" data-toggle=\"collapse\"  href=\"#collapse_0\" aria-expanded=\"true\" aria-controls=\"collapse_0\" id=\"collapse_button_0\"> Grundlegende Vorlesungen zu Halbleiterbauelementen <\/button><\/h3>\n<div id=\"collapse_0\" class=\"accordion-body \u201eclose\u201c\" aria-labelledby=\"collapse_button_0\">\n<div class=\"accordion-inner clearfix\">\n<p><strong>Was ist ein Halbleiter? Was ist ein Transistor?<\/strong><br \/>\nWarum ist Silizium das Material der Wahl in der Industrie oder warum ist die Mikroelektronik nicht mehr aus dem allt\u00e4glichen Leben wegzudenken? Mit diesen und vielen weiteren Fragestellung besch\u00e4ftigen sich die <a href=\"https:\/\/www.leb.tf.fau.de\/en\/study\/courses\/#collapse_0\">Vorlesungen Halbleiterbauelemente und Nano IV: Halbleiter<\/a> (f\u00fcr Studiengang Nanotechnologie).\n<\/div>\n<\/div>\n<\/div>\n<p><div class=\"rrze-elements accordion style_default\" id=\"accordion-1\"><\/div>\n<p><\/p>\n<div class=\"accordion-group\">\n<h3 class=\"accordion-heading\"><button class=\"accordion-toggle\" data-toggle=\"collapse\"  href=\"#collapse_1\" aria-expanded=\"true\" aria-controls=\"collapse_1\" id=\"collapse_button_1\"> Vorlesungszyklus Halbleitertechnik (HL) <\/button><\/h3>\n<div id=\"collapse_1\" class=\"accordion-body \u201eclose\u201c\" aria-labelledby=\"collapse_button_1\">\n<div class=\"accordion-inner clearfix\">\n<p><strong>Wie funktioniert ein Halbleiter?<\/strong><\/p>\n<p>Was sind die grundlegenden physikalischen Effekte hinter der Bipolartechnik oder von feldeffektgesteuerten Bauteilen? Wie funktioniert ein MOSFET, Bipolartransistor oder ein IGBT ganz genau?<\/p>\n<p>Um es auf den Punkt zu bringen geht es in den <a href=\"https:\/\/www.leb.tf.fau.de\/en\/study\/courses\/#collapse_3\">Vorlesungen Halbleitertechnik I-VI<\/a> um die Frage:<\/p>\n<p>Wie funktionieren \u201eklassische\u201c Bauelemente?\n<\/p><\/div>\n<\/div>\n<\/div>\n<p><div class=\"rrze-elements accordion style_default\" id=\"accordion-2\"><\/div>\n<p><\/p>\n<div class=\"accordion-group\">\n<h3 class=\"accordion-heading\"><button class=\"accordion-toggle\" data-toggle=\"collapse\"  href=\"#collapse_2\" aria-expanded=\"true\" aria-controls=\"collapse_2\" id=\"collapse_button_2\"> Vorlesungszyklus Halbleitertechnologie (HLT) <\/button><\/h3>\n<div id=\"collapse_2\" class=\"accordion-body \u201eclose\u201c\" aria-labelledby=\"collapse_button_2\">\n<div class=\"accordion-inner clearfix\">\n<p><strong>Wie wird eine Bauelement hergestellt?<\/strong><\/p>\n<p>Wie kommen mehrere Milliarden Transistoren auf einen Chip? Wie sehen die einzelnen Produktionsschritte ganz genau aus? Oder warum k\u00f6nnen wir mittlerweile hunderte Gigabyte auf Festplatten, kleiner als eine Kreditkarte, speichern?<\/p>\n<p>In den <a href=\"https:\/\/www.leb.tf.fau.de\/en\/study\/courses\/#collapse_10\">Vorlesungen Halbleitertechnologie I-IV<\/a> geht es um die Produktion von Halbleiterbauelementen aller Art und um die genaue Analyse der beteiligten Prozesse. Es geht also um die Frage:<\/p>\n<p>Wie werden Halbleiterbauelemente aller Arten gefertigt?\n<\/p><\/div>\n<\/div>\n<\/div>\n<p><div class=\"rrze-elements accordion style_default\" id=\"accordion-3\"><\/div>\n<p><\/p>\n<div class=\"accordion-group\">\n<h3 class=\"accordion-heading\"><button class=\"accordion-toggle\" data-toggle=\"collapse\"  href=\"#collapse_3\" aria-expanded=\"true\" aria-controls=\"collapse_3\" id=\"collapse_button_3\"> Vorlesungszyklus Quantenelektronik (QE) <\/button><\/h3>\n<div id=\"collapse_3\" class=\"accordion-body \u201eclose\u201c\" aria-labelledby=\"collapse_button_3\">\n<div class=\"accordion-inner clearfix\">\n<p><strong>Was ist Quantenelektronik?<\/strong><\/p>\n<p>Was bedeutet Quantenelektronik? Wie k\u00f6nnen wir quantenmechanische Effekte nutzbar machen? Wie funktioniert ein Quantencomputer oder was ist Quantenkryptografie?<\/p>\n<p>Die <a href=\"https:\/\/www.leb.tf.fau.de\/en\/study\/courses\/#collapse_15\">Vorlesungen Quantenelektronik I bis IV<\/a> geben einen Einblick in die komplexe Welt der quantenelektronischen Ph\u00e4nomene und wie sie nutzbar gemacht werden k\u00f6nnen.<\/p>\n<p>Zu dem besch\u00e4ftigt sich die <a href=\"https:\/\/www.leb.tf.fau.de\/en\/study\/courses\/#collapse_15\">Vorlesung Quantenelektronik Z<\/a> mit ausgew\u00e4hlten Kapiteln der h\u00f6heren Physik um auch die theoretischen Grundlagen der beschriebenen Effekte n\u00e4her zu beleuchten.<\/p>\n<\/div>\n<\/div>\n<\/div>\n<\/div>\n\n\n\n\n<h3 class=\"wp-block-heading\">Seminars und Practical Exercises<\/h3>\n\n\n<div class=\"rrze-elements accordion style_default\" id=\"accordion-4\"><\/p>\n<div class=\"accordion-group\">\n<h3 class=\"accordion-heading\"><button class=\"accordion-toggle\" data-toggle=\"collapse\"  href=\"#collapse_4\" aria-expanded=\"true\" aria-controls=\"collapse_4\" id=\"collapse_button_4\"> Seminars <\/button><\/h3>\n<div id=\"collapse_4\" class=\"accordion-body \u201eclose\u201c\" aria-labelledby=\"collapse_button_4\">\n<div class=\"accordion-inner clearfix\">\n<p>Whether it&#8217;s semiconductor engineering, semiconductor technology, or quantum technologies \u2014 present an exciting topic to your fellow students as part of our <a href=\"https:\/\/www.leb.tf.fau.de\/en\/study\/seminars\/\">seminars<\/a> and report on new developments.\n<\/div>\n<\/div>\n<\/div>\n<p><div class=\"rrze-elements accordion style_default\" id=\"accordion-5\"><\/div>\n<p><\/p>\n<div class=\"accordion-group\">\n<h3 class=\"accordion-heading\"><button class=\"accordion-toggle\" data-toggle=\"collapse\"  href=\"#collapse_5\" aria-expanded=\"true\" aria-controls=\"collapse_5\" id=\"collapse_button_5\"> Practical Exercises <\/button><\/h3>\n<div id=\"collapse_5\" class=\"accordion-body \u201eclose\u201c\" aria-labelledby=\"collapse_button_5\">\n<div class=\"accordion-inner clearfix\">\n<p>During our <a href=\"https:\/\/www.leb.tf.fau.de\/en\/study\/practical-exercises\/\">practical exercises<\/a>, you will have the opportunity to experience working conditions in a cleanroom laboratory and carry out process steps for manufacturing semiconductor components. In addition, you will learn about numerous analysis and measurement methods for characterizing semiconductor materials and devices.<\/p>\n<\/div>\n<\/div>\n<\/div>\n<\/div>\n\n\n\n\n<h3 class=\"wp-block-heading\">Student Theses<\/h3>\n\n\n\n<p>The Chair of Elecron Devices offers theses for students in all areas of work. Click <a href=\"https:\/\/www.leb.tf.fau.de\/lehre\/studentische-arbeiten\/\">here<\/a> for an overview of open, ongoing, and completed <a href=\"https:\/\/www.leb.tf.fau.de\/lehre\/studentische-arbeiten\/\">student theses<\/a>.<\/p>\n\n\n\n<p><\/p>\n","protected":false},"excerpt":{"rendered":"<p>The courses offered by the LEB provide a comprehensive overview of the physics and technology of semiconductor devices. From the question \u201cWhat is a semiconductor?\u201d to the fundamental theory behind quantum computers, the most important topics in semiconductor technology are covered in a wide variety of lectures. Building on basic lectures on semiconductor devices, the [&hellip;]<\/p>\n","protected":false},"author":5487,"featured_media":5684,"parent":0,"menu_order":0,"comment_status":"closed","ping_status":"closed","template":"","meta":{"_rrze_cache":"enabled","_access_permission":"","_rrze_multilang_single_locale":"en_US","_rrze_multilang_single_source":"https:\/\/leb.cms.rrze.uni-erlangen.de\/?page_id=85","footnotes":""},"page_category":[103],"page_tag":[],"class_list":["post-5379","page","type-page","status-publish","has-post-thumbnail","hentry","page_category-studium","en-US"],"_links":{"self":[{"href":"https:\/\/www.leb.tf.fau.de\/wp-json\/wp\/v2\/pages\/5379","targetHints":{"allow":["GET"]}}],"collection":[{"href":"https:\/\/www.leb.tf.fau.de\/wp-json\/wp\/v2\/pages"}],"about":[{"href":"https:\/\/www.leb.tf.fau.de\/wp-json\/wp\/v2\/types\/page"}],"author":[{"embeddable":true,"href":"https:\/\/www.leb.tf.fau.de\/wp-json\/wp\/v2\/users\/5487"}],"replies":[{"embeddable":true,"href":"https:\/\/www.leb.tf.fau.de\/wp-json\/wp\/v2\/comments?post=5379"}],"version-history":[{"count":10,"href":"https:\/\/www.leb.tf.fau.de\/wp-json\/wp\/v2\/pages\/5379\/revisions"}],"predecessor-version":[{"id":6000,"href":"https:\/\/www.leb.tf.fau.de\/wp-json\/wp\/v2\/pages\/5379\/revisions\/6000"}],"wp:featuredmedia":[{"embeddable":true,"href":"https:\/\/www.leb.tf.fau.de\/wp-json\/wp\/v2\/media\/5684"}],"wp:attachment":[{"href":"https:\/\/www.leb.tf.fau.de\/wp-json\/wp\/v2\/media?parent=5379"}],"wp:term":[{"taxonomy":"page_category","embeddable":true,"href":"https:\/\/www.leb.tf.fau.de\/wp-json\/wp\/v2\/page_category?post=5379"},{"taxonomy":"page_tag","embeddable":true,"href":"https:\/\/www.leb.tf.fau.de\/wp-json\/wp\/v2\/page_tag?post=5379"}],"curies":[{"name":"wp","href":"https:\/\/api.w.org\/{rel}","templated":true}]}}